{"id":1447,"date":"2020-05-22T22:42:24","date_gmt":"2020-05-22T20:42:24","guid":{"rendered":"http:\/\/jacquesvilliere.fr\/?page_id=1447"},"modified":"2022-11-02T10:16:30","modified_gmt":"2022-11-02T09:16:30","slug":"reminaissance","status":"publish","type":"page","link":"https:\/\/jacquesvilliere.fr\/index.php\/reminaissance\/","title":{"rendered":"R\u00e9minaissance"},"content":{"rendered":"\n<p>Il y a la r\u00e9alit\u00e9<\/p>\n\n\n\n<p>Il y a ce que le photographe veut vous montrer.<\/p>\n\n\n\n<p>Il y a ce que vous voyez dans les photos.<\/p>\n\n\n\n<p>Il ne faut en aucun croire que ces trois \u00e9l\u00e9ments sont identiques.<\/p>\n\n\n\n<p>Je souhaiterais que l\u2019on regarde ces photos sans r\u00e9fl\u00e9chir, qu\u2019on laisse son imagination vagabonder de pr\u00e9f\u00e9rence en \u00e9coutant une musique subaquatique et puis qu\u2019on ferme les yeux de fa\u00e7on \u00e0 les interpr\u00e9ter comme chacun le souhaite.<\/p>\n\n\n\n<p>Mais l\u2019\u00eatre humain est ainsi fait qu\u2019il veut savoir, il faut donc donner une explication.<\/p>\n\n\n\n<p>Cette s\u00e9rie r\u00e9sulte d\u2019une simple contemplation. Un jour j\u2019observe des enfants jouant \u00e0 l\u2019int\u00e9rieur de grandes bulles en plastique \u00e9voluant sur l\u2019eau, je les photographie. En regardant les photos, la conjugaison des bulles, de l\u2019eau, de l\u2019enfant dans la bulle me fait penser au d\u00e9veloppement de l\u2019enfant dans le ventre de sa m\u00e8re, \u00e0 la naissance. Et je d\u00e9cide de me remettre au travail sur ce th\u00e8me, installe ma petite fille dans une bulle et je commence une longue s\u00e9rie de prises de vue<\/p>\n\n\n\n<p>La pr\u00e9sentation dans une d\u00e9coupe ronde me paraissait \u00eatre coh\u00e9rente avec le sujet et \u00ab\u00a0Reminaissance\u00a0\u00bb est un clin d\u2019\u0153il final \u00e0 ces petits ch\u00e9rubins peints dans des m\u00e9daillons \u00e0 la Renaissance.<\/p>\n\n\n\n<p>R\u00e9miniscence, naissance, Renaissance, Reminaissance.<\/p>\n\n\n\n<p><\/p>\n\n\n\n<style id=\"bwg-style-0\">    #bwg_container1_0 #bwg_container2_0 .bwg-container-0.bwg-standard-thumbnails {      width: 1604px;              justify-content: center;        margin:0 auto !important;              background-color: rgba(255, 255, 255, 0.00);            padding-left: 4px;      padding-top: 4px;      max-width: 100%;            }        #bwg_container1_0 #bwg_container2_0 .bwg-container-0.bwg-standard-thumbnails .bwg-item {    justify-content: flex-start;      max-width: 200px;          }    #bwg_container1_0 #bwg_container2_0 .bwg-container-0.bwg-standard-thumbnails .bwg-item a {       margin-right: 4px;       margin-bottom: 4px;    }    #bwg_container1_0 #bwg_container2_0 .bwg-container-0.bwg-standard-thumbnails .bwg-item0 {      padding: 0px;            background-color:rgba(0,0,0, 0.30);      border: 0px none #CCCCCC;      opacity: 1.00;      border-radius: 0;      box-shadow: ;    }    #bwg_container1_0 #bwg_container2_0 .bwg-container-0.bwg-standard-thumbnails .bwg-item1 img {      max-height: none;      max-width: none;      padding: 0 !important;    }         @media only screen and (min-width: 480px) {\t\t#bwg_container1_0 #bwg_container2_0 .bwg-container-0.bwg-standard-thumbnails .bwg-item1 img {\t\t\t-webkit-transition: all .3s; transition: all .3s;\t\t}\t\t#bwg_container1_0 #bwg_container2_0 .bwg-container-0.bwg-standard-thumbnails .bwg-item1 img:hover {\t\t\t-ms-transform: scale(1.08);\t\t\t-webkit-transform: scale(1.08);\t\t\ttransform: scale(1.08);\t\t}\t\t      }\t    #bwg_container1_0 #bwg_container2_0 .bwg-container-0.bwg-standard-thumbnails .bwg-item1 {      padding-top: 100%;    }        #bwg_container1_0 #bwg_container2_0 .bwg-container-0.bwg-standard-thumbnails .bwg-title2,    #bwg_container1_0 #bwg_container2_0 .bwg-container-0.bwg-standard-thumbnails .bwg-ecommerce2 {      color: #323A45;      font-family: Ubuntu;      font-size: 16px;      font-weight: bold;      padding: 2px;      text-shadow: ;      max-height: 100%;    }    #bwg_container1_0 #bwg_container2_0 .bwg-container-0.bwg-standard-thumbnails .bwg-thumb-description span {    color: #323A45;    font-family: Ubuntu;    font-size: 12px;    max-height: 100%;    word-wrap: break-word;    }    #bwg_container1_0 #bwg_container2_0 .bwg-container-0.bwg-standard-thumbnails .bwg-play-icon2 {      font-size: 32px;    }    #bwg_container1_0 #bwg_container2_0 .bwg-container-0.bwg-standard-thumbnails .bwg-ecommerce2 {      font-size: 19.2px;      color: #323A45;    }    <\/style>    <div id=\"bwg_container1_0\"         class=\"bwg_container bwg_thumbnail bwg_thumbnails \"         data-right-click-protection=\"1\"         data-bwg=\"0\"         data-scroll=\"0\"         data-gallery-type=\"thumbnails\"         data-gallery-view-type=\"thumbnails\"         data-current-url=\"\/index.php\/wp-json\/wp\/v2\/pages\/1447\"         data-lightbox-url=\"https:\/\/jacquesvilliere.fr\/wp-admin\/admin-ajax.php?action=GalleryBox&#038;current_view=0&#038;gallery_id=6&#038;tag=0&#038;theme_id=1&#038;shortcode_id=141&#038;sort_by=alt&#038;order_by=asc&#038;current_url=%2Findex.php%2Fwp-json%2Fwp%2Fv2%2Fpages%2F1447\"         data-gallery-id=\"6\"         data-popup-width=\"700\"         data-popup-height=\"700\"         data-is-album=\"gallery\"         data-buttons-position=\"bottom\">      <div id=\"bwg_container2_0\">             <div id=\"ajax_loading_0\" class=\"bwg_loading_div_1\">      <div class=\"bwg_loading_div_2\">        <div class=\"bwg_loading_div_3\">          <div id=\"loading_div_0\" class=\"bwg_spider_ajax_loading\">          <\/div>        <\/div>      <\/div>    <\/div>            <form id=\"gal_front_form_0\"              class=\"bwg-hidden\"              method=\"post\"              action=\"#\"              data-current=\"0\"              data-shortcode-id=\"141\"              data-gallery-type=\"thumbnails\"              data-gallery-id=\"6\"              data-tag=\"0\"              data-album-id=\"0\"              data-theme-id=\"1\"              data-ajax-url=\"https:\/\/jacquesvilliere.fr\/wp-admin\/admin-ajax.php?action=bwg_frontend_data\">          <div id=\"bwg_container3_0\" class=\"bwg-background bwg-background-0\">                <div data-max-count=\"8\"         data-thumbnail-width=\"200\"         data-bwg=\"0\"         data-gallery-id=\"6\"         data-lightbox-url=\"https:\/\/jacquesvilliere.fr\/wp-admin\/admin-ajax.php?action=GalleryBox&amp;current_view=0&amp;gallery_id=6&amp;tag=0&amp;theme_id=1&amp;shortcode_id=141&amp;sort_by=alt&amp;order_by=asc&amp;current_url=%2Findex.php%2Fwp-json%2Fwp%2Fv2%2Fpages%2F1447\"         id=\"bwg_thumbnails_0\"         class=\"bwg-container-0 bwg-thumbnails bwg-standard-thumbnails bwg-container bwg-border-box\">            <div class=\"bwg-item\">        <a class=\"bwg-a  bwg_lightbox\"  data-image-id=\"3727\" href=\"https:\/\/jacquesvilliere.fr\/wp-content\/uploads\/photo-gallery\/imported_from_media_libray\/VILLIERE_Jacques_Reminaissance-01-.jpg?bwg=1687941355\" data-elementor-open-lightbox=\"no\">                <div class=\"bwg-item0  lazy_loader \">          <div class=\"bwg-item1 \">            <div class=\"bwg-item2\">              <img decoding=\"async\" class=\"skip-lazy bwg_standart_thumb_img_0  bwg_lazyload \"                   data-id=\"3727\"                   data-width=\"200.00\"                   data-height=\"200.00\"                   data-src=\"https:\/\/jacquesvilliere.fr\/wp-content\/uploads\/photo-gallery\/imported_from_media_libray\/thumb\/VILLIERE_Jacques_Reminaissance-01-.jpg?bwg=1687941355\"                   src=\"https:\/\/jacquesvilliere.fr\/wp-content\/plugins\/photo-gallery\/images\/lazy_placeholder.gif\"                   alt=\"VILLIERE_Jacques_Reminaissance 01\"                   title=\"VILLIERE_Jacques_Reminaissance 01\" \/>            <\/div>            <div class=\"\">                                                      <\/div>          <\/div>        <\/div>                        <\/a>              <\/div>            <div class=\"bwg-item\">        <a class=\"bwg-a  bwg_lightbox\"  data-image-id=\"3726\" href=\"https:\/\/jacquesvilliere.fr\/wp-content\/uploads\/photo-gallery\/imported_from_media_libray\/VILLIERE_Jacques_Reminaissance-02-.jpg?bwg=1687941355\" data-elementor-open-lightbox=\"no\">                <div class=\"bwg-item0  lazy_loader \">          <div class=\"bwg-item1 \">            <div class=\"bwg-item2\">              <img decoding=\"async\" class=\"skip-lazy bwg_standart_thumb_img_0  bwg_lazyload \"                   data-id=\"3726\"                   data-width=\"200.00\"                   data-height=\"200.00\"                   data-src=\"https:\/\/jacquesvilliere.fr\/wp-content\/uploads\/photo-gallery\/imported_from_media_libray\/thumb\/VILLIERE_Jacques_Reminaissance-02-.jpg?bwg=1687941355\"                   src=\"https:\/\/jacquesvilliere.fr\/wp-content\/plugins\/photo-gallery\/images\/lazy_placeholder.gif\"                   alt=\"VILLIERE_Jacques_Reminaissance 02\"                   title=\"VILLIERE_Jacques_Reminaissance 02\" \/>            <\/div>            <div class=\"\">                                                      <\/div>          <\/div>        <\/div>                        <\/a>              <\/div>            <div class=\"bwg-item\">        <a class=\"bwg-a  bwg_lightbox\"  data-image-id=\"3725\" href=\"https:\/\/jacquesvilliere.fr\/wp-content\/uploads\/photo-gallery\/imported_from_media_libray\/VILLIERE_Jacques_Reminaissance-03-.jpg?bwg=1687941355\" data-elementor-open-lightbox=\"no\">                <div class=\"bwg-item0  lazy_loader \">          <div class=\"bwg-item1 \">            <div class=\"bwg-item2\">              <img decoding=\"async\" class=\"skip-lazy bwg_standart_thumb_img_0  bwg_lazyload \"                   data-id=\"3725\"                   data-width=\"200.00\"                   data-height=\"200.00\"                   data-src=\"https:\/\/jacquesvilliere.fr\/wp-content\/uploads\/photo-gallery\/imported_from_media_libray\/thumb\/VILLIERE_Jacques_Reminaissance-03-.jpg?bwg=1687941355\"                   src=\"https:\/\/jacquesvilliere.fr\/wp-content\/plugins\/photo-gallery\/images\/lazy_placeholder.gif\"                   alt=\"VILLIERE_Jacques_Reminaissance 03\"                   title=\"VILLIERE_Jacques_Reminaissance 03\" \/>            <\/div>            <div class=\"\">                                                      <\/div>          <\/div>        <\/div>                        <\/a>              <\/div>            <div class=\"bwg-item\">        <a class=\"bwg-a  bwg_lightbox\"  data-image-id=\"3724\" href=\"https:\/\/jacquesvilliere.fr\/wp-content\/uploads\/photo-gallery\/imported_from_media_libray\/VILLIERE_Jacques_Reminaissance-04-.jpg?bwg=1687941355\" data-elementor-open-lightbox=\"no\">                <div class=\"bwg-item0  lazy_loader \">          <div class=\"bwg-item1 \">            <div class=\"bwg-item2\">              <img decoding=\"async\" class=\"skip-lazy bwg_standart_thumb_img_0  bwg_lazyload \"                   data-id=\"3724\"                   data-width=\"200.00\"                   data-height=\"200.00\"                   data-src=\"https:\/\/jacquesvilliere.fr\/wp-content\/uploads\/photo-gallery\/imported_from_media_libray\/thumb\/VILLIERE_Jacques_Reminaissance-04-.jpg?bwg=1687941355\"                   src=\"https:\/\/jacquesvilliere.fr\/wp-content\/plugins\/photo-gallery\/images\/lazy_placeholder.gif\"                   alt=\"VILLIERE_Jacques_Reminaissance 04\"                   title=\"VILLIERE_Jacques_Reminaissance 04\" \/>            <\/div>            <div class=\"\">                                                      <\/div>          <\/div>        <\/div>                        <\/a>              <\/div>            <div class=\"bwg-item\">        <a class=\"bwg-a  bwg_lightbox\"  data-image-id=\"3723\" href=\"https:\/\/jacquesvilliere.fr\/wp-content\/uploads\/photo-gallery\/imported_from_media_libray\/VILLIERE_Jacques_Reminaissance-05-.jpg?bwg=1687941355\" data-elementor-open-lightbox=\"no\">                <div class=\"bwg-item0  lazy_loader \">          <div class=\"bwg-item1 \">            <div class=\"bwg-item2\">              <img decoding=\"async\" class=\"skip-lazy bwg_standart_thumb_img_0  bwg_lazyload \"                   data-id=\"3723\"                   data-width=\"200.00\"                   data-height=\"200.00\"                   data-src=\"https:\/\/jacquesvilliere.fr\/wp-content\/uploads\/photo-gallery\/imported_from_media_libray\/thumb\/VILLIERE_Jacques_Reminaissance-05-.jpg?bwg=1687941355\"                   src=\"https:\/\/jacquesvilliere.fr\/wp-content\/plugins\/photo-gallery\/images\/lazy_placeholder.gif\"                   alt=\"VILLIERE_Jacques_Reminaissance 05\"                   title=\"VILLIERE_Jacques_Reminaissance 05\" \/>            <\/div>            <div class=\"\">                                                      <\/div>          <\/div>        <\/div>                        <\/a>              <\/div>            <div class=\"bwg-item\">        <a class=\"bwg-a  bwg_lightbox\"  data-image-id=\"3722\" href=\"https:\/\/jacquesvilliere.fr\/wp-content\/uploads\/photo-gallery\/imported_from_media_libray\/VILLIERE_Jacques_Reminaissance-06-.jpg?bwg=1687941355\" data-elementor-open-lightbox=\"no\">                <div class=\"bwg-item0  lazy_loader \">          <div class=\"bwg-item1 \">            <div class=\"bwg-item2\">              <img decoding=\"async\" class=\"skip-lazy bwg_standart_thumb_img_0  bwg_lazyload \"                   data-id=\"3722\"                   data-width=\"200.00\"                   data-height=\"200.00\"                   data-src=\"https:\/\/jacquesvilliere.fr\/wp-content\/uploads\/photo-gallery\/imported_from_media_libray\/thumb\/VILLIERE_Jacques_Reminaissance-06-.jpg?bwg=1687941355\"                   src=\"https:\/\/jacquesvilliere.fr\/wp-content\/plugins\/photo-gallery\/images\/lazy_placeholder.gif\"                   alt=\"VILLIERE_Jacques_Reminaissance 06\"                   title=\"VILLIERE_Jacques_Reminaissance 06\" \/>            <\/div>            <div class=\"\">                                                      <\/div>          <\/div>        <\/div>                        <\/a>              <\/div>            <div class=\"bwg-item\">        <a class=\"bwg-a  bwg_lightbox\"  data-image-id=\"3721\" href=\"https:\/\/jacquesvilliere.fr\/wp-content\/uploads\/photo-gallery\/imported_from_media_libray\/VILLIERE_Jacques_Reminaissance-07-.jpg?bwg=1687941355\" data-elementor-open-lightbox=\"no\">                <div class=\"bwg-item0  lazy_loader \">          <div class=\"bwg-item1 \">            <div class=\"bwg-item2\">              <img decoding=\"async\" class=\"skip-lazy bwg_standart_thumb_img_0  bwg_lazyload \"                   data-id=\"3721\"                   data-width=\"200.00\"                   data-height=\"200.00\"                   data-src=\"https:\/\/jacquesvilliere.fr\/wp-content\/uploads\/photo-gallery\/imported_from_media_libray\/thumb\/VILLIERE_Jacques_Reminaissance-07-.jpg?bwg=1687941355\"                   src=\"https:\/\/jacquesvilliere.fr\/wp-content\/plugins\/photo-gallery\/images\/lazy_placeholder.gif\"                   alt=\"VILLIERE_Jacques_Reminaissance 07\"                   title=\"VILLIERE_Jacques_Reminaissance 07\" \/>            <\/div>            <div class=\"\">                                                      <\/div>          <\/div>        <\/div>                        <\/a>              <\/div>            <div class=\"bwg-item\">        <a class=\"bwg-a  bwg_lightbox\"  data-image-id=\"3720\" href=\"https:\/\/jacquesvilliere.fr\/wp-content\/uploads\/photo-gallery\/imported_from_media_libray\/VILLIERE_Jacques_Reminaissance-08-.jpg?bwg=1687941355\" data-elementor-open-lightbox=\"no\">                <div class=\"bwg-item0  lazy_loader \">          <div class=\"bwg-item1 \">            <div class=\"bwg-item2\">              <img decoding=\"async\" class=\"skip-lazy bwg_standart_thumb_img_0  bwg_lazyload \"                   data-id=\"3720\"                   data-width=\"200.00\"                   data-height=\"200.00\"                   data-src=\"https:\/\/jacquesvilliere.fr\/wp-content\/uploads\/photo-gallery\/imported_from_media_libray\/thumb\/VILLIERE_Jacques_Reminaissance-08-.jpg?bwg=1687941355\"                   src=\"https:\/\/jacquesvilliere.fr\/wp-content\/plugins\/photo-gallery\/images\/lazy_placeholder.gif\"                   alt=\"VILLIERE_Jacques_Reminaissance 08\"                   title=\"VILLIERE_Jacques_Reminaissance 08\" \/>            <\/div>            <div class=\"\">                                                      <\/div>          <\/div>        <\/div>                        <\/a>              <\/div>            <div class=\"bwg-item\">        <a class=\"bwg-a  bwg_lightbox\"  data-image-id=\"3719\" href=\"https:\/\/jacquesvilliere.fr\/wp-content\/uploads\/photo-gallery\/imported_from_media_libray\/VILLIERE_Jacques_Reminaissance-09-.jpg?bwg=1687941355\" data-elementor-open-lightbox=\"no\">                <div class=\"bwg-item0  lazy_loader \">          <div class=\"bwg-item1 \">            <div class=\"bwg-item2\">              <img decoding=\"async\" class=\"skip-lazy bwg_standart_thumb_img_0  bwg_lazyload \"                   data-id=\"3719\"                   data-width=\"200.00\"                   data-height=\"200.00\"                   data-src=\"https:\/\/jacquesvilliere.fr\/wp-content\/uploads\/photo-gallery\/imported_from_media_libray\/thumb\/VILLIERE_Jacques_Reminaissance-09-.jpg?bwg=1687941355\"                   src=\"https:\/\/jacquesvilliere.fr\/wp-content\/plugins\/photo-gallery\/images\/lazy_placeholder.gif\"                   alt=\"VILLIERE_Jacques_Reminaissance 09\"                   title=\"VILLIERE_Jacques_Reminaissance 09\" \/>            <\/div>            <div class=\"\">                                                      <\/div>          <\/div>        <\/div>                        <\/a>              <\/div>            <div class=\"bwg-item\">        <a class=\"bwg-a  bwg_lightbox\"  data-image-id=\"3718\" href=\"https:\/\/jacquesvilliere.fr\/wp-content\/uploads\/photo-gallery\/imported_from_media_libray\/VILLIERE_Jacques_Reminaissance-10-.jpg?bwg=1687941355\" data-elementor-open-lightbox=\"no\">                <div class=\"bwg-item0  lazy_loader \">          <div class=\"bwg-item1 \">            <div class=\"bwg-item2\">              <img decoding=\"async\" class=\"skip-lazy bwg_standart_thumb_img_0  bwg_lazyload \"                   data-id=\"3718\"                   data-width=\"200.00\"                   data-height=\"200.00\"                   data-src=\"https:\/\/jacquesvilliere.fr\/wp-content\/uploads\/photo-gallery\/imported_from_media_libray\/thumb\/VILLIERE_Jacques_Reminaissance-10-.jpg?bwg=1687941355\"                   src=\"https:\/\/jacquesvilliere.fr\/wp-content\/plugins\/photo-gallery\/images\/lazy_placeholder.gif\"                   alt=\"VILLIERE_Jacques_Reminaissance 10\"                   title=\"VILLIERE_Jacques_Reminaissance 10\" \/>            <\/div>            <div class=\"\">                                                      <\/div>          <\/div>        <\/div>                        <\/a>              <\/div>            <div class=\"bwg-item\">        <a class=\"bwg-a  bwg_lightbox\"  data-image-id=\"3717\" href=\"https:\/\/jacquesvilliere.fr\/wp-content\/uploads\/photo-gallery\/imported_from_media_libray\/VILLIERE_Jacques_Reminaissance-11-.jpg?bwg=1687941355\" data-elementor-open-lightbox=\"no\">                <div class=\"bwg-item0  lazy_loader \">          <div class=\"bwg-item1 \">            <div class=\"bwg-item2\">              <img decoding=\"async\" class=\"skip-lazy bwg_standart_thumb_img_0  bwg_lazyload \"                   data-id=\"3717\"                   data-width=\"200.00\"                   data-height=\"200.00\"                   data-src=\"https:\/\/jacquesvilliere.fr\/wp-content\/uploads\/photo-gallery\/imported_from_media_libray\/thumb\/VILLIERE_Jacques_Reminaissance-11-.jpg?bwg=1687941355\"                   src=\"https:\/\/jacquesvilliere.fr\/wp-content\/plugins\/photo-gallery\/images\/lazy_placeholder.gif\"                   alt=\"VILLIERE_Jacques_Reminaissance 11\"                   title=\"VILLIERE_Jacques_Reminaissance 11\" \/>            <\/div>            <div class=\"\">                                                      <\/div>          <\/div>        <\/div>                        <\/a>              <\/div>            <div class=\"bwg-item\">        <a class=\"bwg-a  bwg_lightbox\"  data-image-id=\"3716\" href=\"https:\/\/jacquesvilliere.fr\/wp-content\/uploads\/photo-gallery\/imported_from_media_libray\/VILLIERE_Jacques_Reminaissance-12-.jpg?bwg=1687941355\" data-elementor-open-lightbox=\"no\">                <div class=\"bwg-item0  lazy_loader \">          <div class=\"bwg-item1 \">            <div class=\"bwg-item2\">              <img decoding=\"async\" class=\"skip-lazy bwg_standart_thumb_img_0  bwg_lazyload \"                   data-id=\"3716\"                   data-width=\"200.00\"                   data-height=\"200.00\"                   data-src=\"https:\/\/jacquesvilliere.fr\/wp-content\/uploads\/photo-gallery\/imported_from_media_libray\/thumb\/VILLIERE_Jacques_Reminaissance-12-.jpg?bwg=1687941355\"                   src=\"https:\/\/jacquesvilliere.fr\/wp-content\/plugins\/photo-gallery\/images\/lazy_placeholder.gif\"                   alt=\"VILLIERE_Jacques_Reminaissance 12\"                   title=\"VILLIERE_Jacques_Reminaissance 12\" \/>            <\/div>            <div class=\"\">                                                      <\/div>          <\/div>        <\/div>                        <\/a>              <\/div>          <\/div>              <\/div>        <\/form>        <style>          #bwg_container1_0 #bwg_container2_0 #spider_popup_overlay_0 {          background-color: #EEEEEE;          opacity: 0.60;          }          <\/style>        <div id=\"bwg_spider_popup_loading_0\" class=\"bwg_spider_popup_loading\"><\/div>        <div id=\"spider_popup_overlay_0\" class=\"spider_popup_overlay\" onclick=\"spider_destroypopup(1000)\"><\/div>        <input type=\"hidden\" id=\"bwg_random_seed_0\" value=\"536070924\">                <\/div>    <\/div>    <script>      if (document.readyState === 'complete') {        if( typeof bwg_main_ready == 'function' ) {          if ( jQuery(\"#bwg_container1_0\").height() ) {            bwg_main_ready(jQuery(\"#bwg_container1_0\"));          }        }      } else {        document.addEventListener('DOMContentLoaded', function() {          if( typeof bwg_main_ready == 'function' ) {            if ( jQuery(\"#bwg_container1_0\").height() ) {             bwg_main_ready(jQuery(\"#bwg_container1_0\"));            }          }        });      }    <\/script>    \n","protected":false},"excerpt":{"rendered":"<p>Il y a la r\u00e9alit\u00e9 Il y a ce que le photographe veut vous montrer. Il y a ce que vous voyez dans les photos. Il ne faut en aucun croire que ces trois \u00e9l\u00e9ments sont identiques. Je souhaiterais que l\u2019on regarde ces photos sans r\u00e9fl\u00e9chir, qu\u2019on laisse son imagination vagabonder de pr\u00e9f\u00e9rence en \u00e9coutant&hellip;<\/p>\n","protected":false},"author":1,"featured_media":0,"parent":0,"menu_order":0,"comment_status":"closed","ping_status":"closed","template":"","meta":{"_monsterinsights_skip_tracking":false,"_monsterinsights_sitenote_active":false,"_monsterinsights_sitenote_note":"","_monsterinsights_sitenote_category":0,"footnotes":""},"class_list":["post-1447","page","type-page","status-publish","hentry"],"_links":{"self":[{"href":"https:\/\/jacquesvilliere.fr\/index.php\/wp-json\/wp\/v2\/pages\/1447","targetHints":{"allow":["GET"]}}],"collection":[{"href":"https:\/\/jacquesvilliere.fr\/index.php\/wp-json\/wp\/v2\/pages"}],"about":[{"href":"https:\/\/jacquesvilliere.fr\/index.php\/wp-json\/wp\/v2\/types\/page"}],"author":[{"embeddable":true,"href":"https:\/\/jacquesvilliere.fr\/index.php\/wp-json\/wp\/v2\/users\/1"}],"replies":[{"embeddable":true,"href":"https:\/\/jacquesvilliere.fr\/index.php\/wp-json\/wp\/v2\/comments?post=1447"}],"version-history":[{"count":3,"href":"https:\/\/jacquesvilliere.fr\/index.php\/wp-json\/wp\/v2\/pages\/1447\/revisions"}],"predecessor-version":[{"id":3781,"href":"https:\/\/jacquesvilliere.fr\/index.php\/wp-json\/wp\/v2\/pages\/1447\/revisions\/3781"}],"wp:attachment":[{"href":"https:\/\/jacquesvilliere.fr\/index.php\/wp-json\/wp\/v2\/media?parent=1447"}],"curies":[{"name":"wp","href":"https:\/\/api.w.org\/{rel}","templated":true}]}}