{"id":1644,"date":"2020-05-25T16:20:50","date_gmt":"2020-05-25T14:20:50","guid":{"rendered":"http:\/\/jacquesvilliere.fr\/?page_id=1644"},"modified":"2021-02-10T10:54:26","modified_gmt":"2021-02-10T09:54:26","slug":"citations","status":"publish","type":"page","link":"https:\/\/jacquesvilliere.fr\/index.php\/citations\/","title":{"rendered":"CITATIONS"},"content":{"rendered":"\n<p>L&rsquo;int\u00e9r\u00eat d&rsquo;une citation, c&rsquo;est son c\u00f4t\u00e9 court, ramass\u00e9 mais qui ouvre des portes sur la r\u00e9flexion.<\/p>\n\n\n\n<p>J&rsquo;ai toujours \u00e9t\u00e9 fascin\u00e9 par les personnes qui citent de pr\u00e9f\u00e9rence des gens connus, rarement Jules Pr\u00e9vot. Je me suis toujours demand\u00e9 si le fait de dire \u00ab\u00a0Comme disait Montaigne, oui\u00a0\u00bb \u00e9tait pr\u00e9f\u00e9rable au fait de dire simplement \u00ab\u00a0oui\u00a0\u00bb et si, dans le cas o\u00f9 le oui s&rsquo;av\u00e9rait idiot, est-ce que la responsabilit\u00e9 de Montaigne devrait \u00eatre recherch\u00e9e? Est-ce qu&rsquo;il est pr\u00e9f\u00e9rable de se cacher derri\u00e8re quelqu&rsquo;un que d&rsquo;affirmer soi m\u00eame? Est-ce que c&rsquo;est ce vieux r\u00e9flexe de gamin consistant \u00e0 dire \u00ab\u00a0c&rsquo;est pas moi M&rsquo;sieur, c&rsquo;est lui\u00a0\u00bb? Est-ce que c&rsquo;est pour montrer qu&rsquo;on sait plein de choses? Ou est-ce simplement ce qu&rsquo;on nous a appris \u00e0 l&rsquo;\u00e9cole?<\/p>\n\n\n\n<p>\u00ab\u00a0Enfin bref\u00a0\u00bb, comme dirait Pepin, je vous livre un certain nombre de citations les premi\u00e8res sur la photos, les autres sur la vie en g\u00e9n\u00e9ral. Cliquez dessus, vous tomberez sur une page d&rsquo;explication pour chacune.<\/p>\n\n\n\n<p><strong><em><a href=\"http:\/\/jacquesvilliere.fr\/index.php\/premieres-citations-sur-la-photo\/\"><span style=\"color:#086891\" class=\"has-inline-color\">\u00ab\u00a0Le photographe nous montre l&rsquo;invisible, en l&rsquo;habillant de r\u00e9alit\u00e9\u00a0\u00bb (Jules PREVOT &#8211; 1928)<\/span><\/a><\/em><\/strong><\/p>\n\n\n\n<p><strong><em><a href=\"http:\/\/jacquesvilliere.fr\/index.php\/premieres-citations-sur-la-photo\/\"><span style=\"color:#086891\" class=\"has-inline-color\">\u00ab\u00a0Je ne photographie pas ce que je vois, je photographie ce que je pense\u00a0\u00bb (Jules PREVOT apr\u00e8s avoir discut\u00e9 avec Picasso)<\/span><\/a><\/em><\/strong><\/p>\n\n\n\n<p><strong><em><a href=\"http:\/\/jacquesvilliere.fr\/index.php\/autre-citation-sur-la-photo\/\"><span style=\"color:#086891\" class=\"has-inline-color\">\u00a0\u00bb Tout le monde sait faire des photographies, tout le monde n&rsquo;est pas photographe. Quand saurai-je que je suis un photographe? Jamais on ne sait qu&rsquo;on l&rsquo;est devenu, on&nbsp;te le dit.\u00a0\u00bb (Jules Pr\u00e9vot apr\u00e8s avoir lu un livre de Joel Dicker)<\/span><\/a><\/em><\/strong><\/p>\n\n\n\n<p><a href=\"http:\/\/jacquesvilliere.fr\/index.php\/meme-pas-peur\/\"><strong><em>\u00ab\u00a0<span style=\"color:#086891\" class=\"has-inline-color\">Dans la vie, mieux vaut \u00eatre cocu que jaloux<\/span>\u00ab\u00a0<\/em><\/strong> <span style=\"color:#086891\" class=\"has-inline-color\"><em><strong>(Cornichon)<\/strong><\/em><\/span><\/a><\/p>\n\n\n\n<p><a href=\"http:\/\/jacquesvilliere.fr\/index.php\/une-recette-de-reussite\/\">\u00ab\u00a0<strong><em><span style=\"color:#086891\" class=\"has-inline-color\">Pour faire carr<\/span><\/em><\/strong><span style=\"color:#086891\" class=\"has-inline-color\"><strong><em>i\u00e8re, il vaut mieux avoir des connaissances que du savoir\u00a0\u00bb (Cornichon)<\/em><\/strong><\/span><\/a><\/p>\n\n\n\n<p><strong><em><a href=\"http:\/\/jacquesvilliere.fr\/index.php\/une-recette-de-reussite\/\"><span style=\"color:#086891\" class=\"has-inline-color\">\u00ab\u00a0Si tu ne penses pas, tu r\u00e9fl\u00e9chis\u00a0\u00bb (Cornichon)<\/span><\/a><\/em><\/strong><\/p>\n\n\n\n<p>Et bien sur, en ces temps tourment\u00e9s:<\/p>\n\n\n\n<p><strong><em><a href=\"http:\/\/jacquesvilliere.fr\/index.php\/une-recette-de-reussite\/\"><span style=\"color:#086891\" class=\"has-inline-color\">\u00ab\u00a0Un complotiste, c&rsquo;est quelqu&rsquo;un qui n&rsquo;accepte pas la pens\u00e9e officielle\u00a0\u00bb (elle est de moi celle l\u00e0)<\/span><\/a><\/em><\/strong><\/p>\n","protected":false},"excerpt":{"rendered":"<p>L&rsquo;int\u00e9r\u00eat d&rsquo;une citation, c&rsquo;est son c\u00f4t\u00e9 court, ramass\u00e9 mais qui ouvre des portes sur la r\u00e9flexion. J&rsquo;ai toujours \u00e9t\u00e9 fascin\u00e9 par les personnes qui citent de pr\u00e9f\u00e9rence des gens connus, rarement Jules Pr\u00e9vot. Je me suis toujours demand\u00e9 si le fait de dire \u00ab\u00a0Comme disait Montaigne, oui\u00a0\u00bb \u00e9tait pr\u00e9f\u00e9rable au fait de dire simplement \u00ab\u00a0oui\u00a0\u00bb&hellip;<\/p>\n","protected":false},"author":1,"featured_media":0,"parent":0,"menu_order":0,"comment_status":"closed","ping_status":"closed","template":"","meta":{"_monsterinsights_skip_tracking":false,"_monsterinsights_sitenote_active":false,"_monsterinsights_sitenote_note":"","_monsterinsights_sitenote_category":0,"footnotes":""},"class_list":["post-1644","page","type-page","status-publish","hentry"],"_links":{"self":[{"href":"https:\/\/jacquesvilliere.fr\/index.php\/wp-json\/wp\/v2\/pages\/1644","targetHints":{"allow":["GET"]}}],"collection":[{"href":"https:\/\/jacquesvilliere.fr\/index.php\/wp-json\/wp\/v2\/pages"}],"about":[{"href":"https:\/\/jacquesvilliere.fr\/index.php\/wp-json\/wp\/v2\/types\/page"}],"author":[{"embeddable":true,"href":"https:\/\/jacquesvilliere.fr\/index.php\/wp-json\/wp\/v2\/users\/1"}],"replies":[{"embeddable":true,"href":"https:\/\/jacquesvilliere.fr\/index.php\/wp-json\/wp\/v2\/comments?post=1644"}],"version-history":[{"count":23,"href":"https:\/\/jacquesvilliere.fr\/index.php\/wp-json\/wp\/v2\/pages\/1644\/revisions"}],"predecessor-version":[{"id":3156,"href":"https:\/\/jacquesvilliere.fr\/index.php\/wp-json\/wp\/v2\/pages\/1644\/revisions\/3156"}],"wp:attachment":[{"href":"https:\/\/jacquesvilliere.fr\/index.php\/wp-json\/wp\/v2\/media?parent=1644"}],"curies":[{"name":"wp","href":"https:\/\/api.w.org\/{rel}","templated":true}]}}