{"id":3439,"date":"2021-11-26T18:32:02","date_gmt":"2021-11-26T17:32:02","guid":{"rendered":"http:\/\/jacquesvilliere.fr\/?page_id=3439"},"modified":"2023-08-21T15:58:00","modified_gmt":"2023-08-21T13:58:00","slug":"les-series-commentees","status":"publish","type":"page","link":"https:\/\/jacquesvilliere.fr\/index.php\/les-series-commentees\/","title":{"rendered":"Mes principales s\u00e9ries"},"content":{"rendered":"\n<ul class=\"wp-block-list\">\n<li><strong><a href=\"http:\/\/jacquesvilliere.fr\/index.php\/les-heros-de-la-tintaine-2021\/\" target=\"_blank\" rel=\"noreferrer noopener\">Les H\u00e9ros de la Tintain<\/a><a rel=\"noreferrer noopener\" href=\"http:\/\/jacquesvilliere.fr\/index.php\/galeries\/photos-de-joutes\/\" target=\"_blank\">e<\/a><\/strong><\/li>\n\n\n\n<li><a rel=\"noreferrer noopener\" href=\"http:\/\/jacquesvilliere.fr\/index.php\/reminaissance\/\" target=\"_blank\"><strong>R\u00e9minaissance<\/strong><\/a><\/li>\n\n\n\n<li><strong><a href=\"http:\/\/jacquesvilliere.fr\/index.php\/les-vagues-venaient-danser-sur-la-plage\/\" target=\"_blank\" rel=\"noreferrer noopener\">Les vagues venaient danser sur la plage<\/a><\/strong><\/li>\n\n\n\n<li><a rel=\"noreferrer noopener\" href=\"http:\/\/jacquesvilliere.fr\/index.php\/un-ocean-dans-une-goutte-2\/\" target=\"_blank\"><strong>Un oc\u00e9an dans une goutte<\/strong><\/a><\/li>\n\n\n\n<li><strong><a href=\"http:\/\/jacquesvilliere.fr\/index.php\/yin-yang\/\" target=\"_blank\" rel=\"noreferrer noopener\">Yin Yang<\/a><\/strong><\/li>\n\n\n\n<li><strong><a href=\"http:\/\/jacquesvilliere.fr\/index.php\/la-douceur-dune-main\/\" target=\"_blank\" rel=\"noreferrer noopener\">La douceur d&rsquo;une main<\/a><\/strong><\/li>\n\n\n\n<li><strong><a rel=\"noreferrer noopener\" href=\"http:\/\/jacquesvilliere.fr\/index.php\/dis-quemporteras-tu-dis-au-moins-le-sais-tu\/\" target=\"_blank\">Dis qu&#8217;emporteras-tu, dis au moins le sais tu?<\/a><\/strong><\/li>\n\n\n\n<li><strong><a rel=\"noreferrer noopener\" href=\"http:\/\/jacquesvilliere.fr\/index.php\/la-fin-dune-epoque\/\" target=\"_blank\">La fin d&rsquo;une \u00e9poque<\/a><\/strong><\/li>\n\n\n\n<li><strong><a rel=\"noreferrer noopener\" href=\"http:\/\/jacquesvilliere.fr\/index.php\/fleur-des-temps\/\" target=\"_blank\">Fleur des temps<\/a><\/strong><\/li>\n\n\n\n<li><strong><a href=\"http:\/\/jacquesvilliere.fr\/index.php\/mouvements\/\" target=\"_blank\" rel=\"noreferrer noopener\">Mouvement<\/a><a rel=\"noreferrer noopener\" href=\"http:\/\/jacquesvilliere.fr\/index.php\/galeries\/diverses-series\/\" target=\"_blank\">s<\/a><\/strong><\/li>\n\n\n\n<li><a rel=\"noreferrer noopener\" href=\"http:\/\/jacquesvilliere.fr\/index.php\/aubrac-peaux-de-vache-mon-oeil\/\" target=\"_blank\"><strong>Aubrac, peaux de vache, mon \u0153il!<\/strong><\/a><\/li>\n\n\n\n<li><strong><a href=\"http:\/\/jacquesvilliere.fr\/index.php\/la-caverne-de-platon\/\" target=\"_blank\" rel=\"noreferrer noopener\">La caverne de Platon<\/a><\/strong><\/li>\n\n\n\n<li><strong><a href=\"http:\/\/jacquesvilliere.fr\/index.php\/scheveningue-dernier-terrain-vague\/\" target=\"_blank\" rel=\"noreferrer noopener\">Scheveningue, dernier terrain vague<\/a><\/strong><\/li>\n\n\n\n<li><strong><a href=\"http:\/\/jacquesvilliere.fr\/index.php\/dubout-aussi-aimait-palavas\/\" target=\"_blank\" rel=\"noreferrer noopener\">Dubout aussi aimait Palavas<\/a><\/strong><\/li>\n\n\n\n<li><a rel=\"noreferrer noopener\" href=\"http:\/\/jacquesvilliere.fr\/index.php\/jeu-de-role-meme-pas-drole\/\" target=\"_blank\"><strong>Jeu de r\u00f4le m\u00eame pas dr\u00f4le<\/strong><\/a><\/li>\n\n\n\n<li><strong><a rel=\"noreferrer noopener\" href=\"http:\/\/jacquesvilliere.fr\/index.php\/le-bonheur-est-dans-vos-mains\/\" target=\"_blank\">Le bonheur est \u00e0 port\u00e9e de main<\/a><\/strong><\/li>\n<\/ul>\n\n\n\n<p><\/p>\n","protected":false},"excerpt":{"rendered":"","protected":false},"author":1,"featured_media":0,"parent":0,"menu_order":0,"comment_status":"closed","ping_status":"closed","template":"","meta":{"_monsterinsights_skip_tracking":false,"_monsterinsights_sitenote_active":false,"_monsterinsights_sitenote_note":"","_monsterinsights_sitenote_category":0,"footnotes":""},"class_list":["post-3439","page","type-page","status-publish","hentry"],"_links":{"self":[{"href":"https:\/\/jacquesvilliere.fr\/index.php\/wp-json\/wp\/v2\/pages\/3439","targetHints":{"allow":["GET"]}}],"collection":[{"href":"https:\/\/jacquesvilliere.fr\/index.php\/wp-json\/wp\/v2\/pages"}],"about":[{"href":"https:\/\/jacquesvilliere.fr\/index.php\/wp-json\/wp\/v2\/types\/page"}],"author":[{"embeddable":true,"href":"https:\/\/jacquesvilliere.fr\/index.php\/wp-json\/wp\/v2\/users\/1"}],"replies":[{"embeddable":true,"href":"https:\/\/jacquesvilliere.fr\/index.php\/wp-json\/wp\/v2\/comments?post=3439"}],"version-history":[{"count":22,"href":"https:\/\/jacquesvilliere.fr\/index.php\/wp-json\/wp\/v2\/pages\/3439\/revisions"}],"predecessor-version":[{"id":4651,"href":"https:\/\/jacquesvilliere.fr\/index.php\/wp-json\/wp\/v2\/pages\/3439\/revisions\/4651"}],"wp:attachment":[{"href":"https:\/\/jacquesvilliere.fr\/index.php\/wp-json\/wp\/v2\/media?parent=3439"}],"curies":[{"name":"wp","href":"https:\/\/api.w.org\/{rel}","templated":true}]}}