{"id":38,"date":"2020-05-15T12:37:56","date_gmt":"2020-05-15T10:37:00","guid":{"rendered":"http:\/\/jacquesvilliere.fr\/?page_id=38"},"modified":"2026-03-19T12:17:38","modified_gmt":"2026-03-19T11:17:38","slug":"biographie","status":"publish","type":"page","link":"https:\/\/jacquesvilliere.fr\/index.php\/biographie\/","title":{"rendered":"BIOGRAPHIE"},"content":{"rendered":"\n<p><\/p>\n\n\n\n<figure class=\"wp-block-image size-large\"><img loading=\"lazy\" decoding=\"async\" width=\"725\" height=\"510\" src=\"http:\/\/jacquesvilliere.fr\/wp-content\/uploads\/2020\/05\/mobisi.jpg\" alt=\"\" class=\"wp-image-1597\" srcset=\"https:\/\/jacquesvilliere.fr\/wp-content\/uploads\/2020\/05\/mobisi.jpg 725w, https:\/\/jacquesvilliere.fr\/wp-content\/uploads\/2020\/05\/mobisi-300x211.jpg 300w, https:\/\/jacquesvilliere.fr\/wp-content\/uploads\/2020\/05\/mobisi-150x106.jpg 150w\" sizes=\"auto, (max-width: 725px) 100vw, 725px\" \/><\/figure>\n\n\n\n<p><em><strong>\u00abIl \u00e9tait n\u00e9 chez sa grand-m\u00e8re parce que sa m\u00e8re avait du s&rsquo;absenter\u00bb. C&rsquo;est par ce genre de malentendu que j&rsquo;aurais aim\u00e9 commencer ma vie pour sortir imm\u00e9diatement de la grisaille de l&rsquo;anonymat.<\/strong><\/em><\/p>\n\n\n\n<p><em><strong>Rien de tout cela ne m&rsquo;est arriv\u00e9. On aurait pu me prendre pour l&rsquo;affiche du film \u00abLa vie est un long fleuve tranquille\u00bb, je suis s\u00fbr que en plus, couillon comme je suis, je ne me serais m\u00eame pas fait payer!<\/strong><\/em><\/p>\n\n\n\n<p><em><strong>Mais ne croyez pas que toute ma vie a \u00e9t\u00e9 fade et triste. Non, je fais partie des gens qui s&rsquo;\u00e9coutent parler. Banal me direz vous. Oui \u00e0 part que moi, quand je m&rsquo;\u00e9coute parler, j&rsquo;apprends des choses int\u00e9ressantes. Ce qui me d\u00e9sole, c&rsquo;est que dans ce cas je suis g\u00e9n\u00e9ralement le seul \u00e0 comprendre ce que je dis.<\/strong><\/em><\/p>\n\n\n\n<p><em><strong>\u00ab\u00a0Nul n&rsquo;est proph\u00e8te en son pays\u00a0\u00bb me r\u00e9pondrez-vous. Mais le probl\u00e8me avec moi, c&rsquo;est que je ne suis pas proph\u00e8te, je suis Dieu soi-m\u00eame!<\/strong><\/em><\/p>\n\n\n\n<p><em><strong>Vous ne me croyez pas? Lisez plut\u00f4t la suite!<\/strong><\/em><\/p>\n\n\n\n<p><strong>J<em>e suis n\u00e9 \u00e0 la fin de la premi\u00e8re moiti\u00e9 du si\u00e8cle pr\u00e9c\u00e9dent, je suis donc un repr\u00e9sentant typique de la jeune photographie.<\/em><\/strong><\/p>\n\n\n\n<ul class=\"wp-block-list\">\n<li><em><strong>Mais je suis aussi clown&#8230;Cornichon est&nbsp;le&nbsp;nom que je porte dans les h\u00f4pitaux montpelli\u00e9rains au sein de <a rel=\"noreferrer noopener\" href=\"http:\/\/riroli.com\" target=\"_blank\">RIR\u00d4LI<\/a><\/strong><\/em><\/li>\n\n\n\n<li><em><strong>Mais je suis aussi un peu math\u00e9maticien joueur, je fus (et serai???) plusieurs fois champion r\u00e9gional de Jeux Math\u00e9matiques&#8230;<\/strong><\/em><\/li>\n\n\n\n<li><em><strong>Mais je suis aussi chanteur dans une chorale&#8230; <a rel=\"noreferrer noopener\" href=\"http:\/\/atoutchoeur34.fr\" target=\"_blank\">ATOUT CH\u0152UR<\/a><\/strong><\/em><\/li>\n\n\n\n<li><em><strong>Et je suis mari, p\u00e8re et grand-p\u00e8re, ce qui n&rsquo;est pas peu de choses, une femme, trois enfants, sept petits-enfants, tous magnifiques&#8230;<\/strong><\/em><\/li>\n\n\n\n<li><em><strong>Et je suis encore plein d&rsquo;autres choses&#8230;<\/strong><\/em><\/li>\n\n\n\n<li><em><strong>Et j&rsquo;ai \u00e9t\u00e9 plein d&rsquo;autres choses, centralien, sociologue, Pr\u00e9sident d&rsquo;une soci\u00e9t\u00e9 ferroviaire (un des rares fran\u00e7ais)&nbsp;et d&rsquo;un club de gymnastique et du Comit\u00e9 d\u00e9partemental de Gymnastique de l&rsquo;H\u00e9rault (on m&rsquo;a m\u00eame propos\u00e9 la m\u00e9daille de la Jeunesse et des Sports, mais il fallait que j&rsquo;en fasse la demande et je n&rsquo;ai jamais voulu la faire), homme au foyer&#8230; (si vous voulez tout savoir, allez sur Google, je ne suis pas m\u00e9decin&#8230;)<\/strong><\/em><\/li>\n\n\n\n<li><em><strong>Et j&rsquo;esp\u00e8re \u00eatre encore plein d&rsquo;autres choses&#8230;<\/strong><\/em><\/li>\n<\/ul>\n\n\n\n<p><em><strong>J&rsquo;ai commenc\u00e9 \u00e0 faire de la photo \u00e0 la fin des ann\u00e9es soixante, gr\u00e2ce \u00e0 Alain Gibier-Rambaud qui me fit don de son appareil et aussi gr\u00e2ce \u00e0 Pierre Grandjean qui m&rsquo;apprit les rudiments du tirage noir et blanc, qu&rsquo;ils en soient remerci\u00e9s.&nbsp;J&rsquo;ai gard\u00e9 pr\u00e9cieusement ma premi\u00e8re photo expos\u00e9e et prim\u00e9e, elle est coll\u00e9e sur du bois et a bien tenu.<\/strong><\/em><\/p>\n\n\n\n<p><em><strong>Et puis le vide question photo&#8230; jusqu&rsquo;\u00e0 la fin du si\u00e8cle.<\/strong><\/em><\/p>\n\n\n\n<p><em><strong>J&rsquo;ai \u00e9t\u00e9 membre&nbsp;depuis 2008 de diff\u00e9rents clubs photos avec lesquels, j&rsquo;ai gagn\u00e9 la Coupe de France, diff\u00e9rentes breloques avec quand m\u00eame une m\u00e9daille d&rsquo;argent pour une deuxi\u00e8me place en Coupe du Monde \u00e0 titre individuel. Ma premi\u00e8re exposition individuelle ne fut pas une r\u00e9ussite, des photos cach\u00e9es dans le coin d&rsquo;un b\u00e2timent toujours ferm\u00e9, ce devait \u00eatre en 2004.<\/strong><\/em><\/p>\n\n\n\n<p><em><strong>En 2011, j&rsquo;ai \u00e9t\u00e9 s\u00e9lectionn\u00e9 par le festival Offsete, malheureusement en sommeil actuellement, o\u00f9 j&rsquo;ai expos\u00e9 ma s\u00e9rie \u00ab\u00a0Regards de jouteurs au moment de l&rsquo;impact\u00a0\u00bb.<\/strong><\/em><\/p>\n\n\n\n<p><em><strong>En 2012, j&rsquo;ai \u00e9t\u00e9 retenu par les <\/strong><\/em><a rel=\"noreferrer noopener\" href=\"http:\/\/www.boutographies.com\/\" target=\"_blank\"><strong><em>Boutographies de Montpellier <\/em><\/strong><\/a><em><strong>(projection du jury) pour la s\u00e9rie \u00ab\u00a0Les H\u00e9ros de la Tintaine\u00a0\u00bb en couleurs. J&rsquo;y ai re\u00e7u un prix, le <a rel=\"noreferrer noopener\" href=\"https:\/\/www.boutographies.com\/les-laureats\" target=\"_blank\">\u00ab\u00a0Coup de Coeur AZART\u00a0\u00bb<\/a> d\u00e9cern\u00e9 par cette revue.<\/strong><\/em><\/p>\n\n\n\n<p><em><strong>En 2012, j&rsquo;ai \u00e9t\u00e9 retenu par <a rel=\"noreferrer noopener\" href=\"http:\/\/www.festival-manifesto.org\/\" target=\"_blank\">ManifestO<\/a> pour exposer en septembre cette m\u00eame s\u00e9rie en Noir et Blanc.L&rsquo;\u00e9dition 2012 est <a href=\"http:\/\/www.festival-manifesto.org\/fr\/archives\/article\/festival-2012\">l\u00e0<\/a>.<\/strong><\/em><\/p>\n\n\n\n<p><em><strong>En 2013, cette m\u00eame s\u00e9rie\u00a0a \u00e9t\u00e9 s\u00e9lectionn\u00e9e et projet\u00e9e aux <a href=\"https:\/\/pierrevertnuitsphotographiques.com\/\" target=\"_blank\" rel=\"noreferrer noopener\">Nuits de Pierrevert.<\/a><\/strong><\/em><\/p>\n\n\n\n<p><em><strong>En 2014, la s\u00e9rie en couleur a \u00e9t\u00e9 retenue par les <a rel=\"noreferrer noopener\" href=\"http:\/\/baladespho.jimdo.com\/\" target=\"_blank\">Balades photographiques<\/a><\/strong><\/em><\/p>\n\n\n\n<p><em><strong>En 2015, j&rsquo;ai eu le <a href=\"http:\/\/leblogdoi.blogspot.fr\/2015\/10\/jacques-villiere-les-heros-de-la_10.html\">Prix Betoux<\/a><\/strong><\/em><\/p>\n\n\n\n<p><em><strong>En 2016, parution de mon livre \u00ab\u00a0Les H\u00e9ros de la Tintaine\u00a0\u00bb aux <a href=\"http:\/\/www.editionsansouire.fr\/livres_8_culture-regionale_les-heros-de-la-tintaine__9791091985185.html\">Editions Sansouire<\/a><\/strong><\/em><\/p>\n\n\n\n<p><strong> E<em>n 2017, j&rsquo;ai \u00e9t\u00e9 retenu pour exposer \u00e0 Visa Off \u00e0 Perpignan<\/em><\/strong><\/p>\n\n\n\n<p><em><strong>En 2018, j&rsquo;ai rencontr\u00e9 un collectionneur qui aime mes photos (d&rsquo;autres que celles de joutes)<\/strong><\/em><\/p>\n\n\n\n<p><strong><em>En 2020, j&rsquo;ai particip\u00e9 \u00e0 <a rel=\"noreferrer noopener\" href=\"https:\/\/www.youtube.com\/watch?v=PHpPNzuD2To\" target=\"_blank\">Questions pour un Champion<\/a> et j&rsquo;ai \u00e9t\u00e9 confin\u00e9.<\/em> <\/strong><\/p>\n\n\n\n<p><em><strong>En 2020, j&rsquo;ai termin\u00e9 deuxi\u00e8me de la Coupe de France Auteurs de la FPF (le r\u00e9sultat est <a rel=\"noreferrer noopener\" href=\"http:\/\/copain.federation-photo.fr\/webroot\/competitions\/classement\/photos\/315\" target=\"_blank\">l\u00e0<\/a>)<\/strong><\/em><\/p>\n\n\n\n<p><em><strong>En 2021, j&rsquo;ai \u00e9t\u00e9 retenu pour exposer \u00e0 <a rel=\"noreferrer noopener\" href=\"https:\/\/tempsdexpo.com\/\" target=\"_blank\">Temps d&rsquo;Expo<\/a>, festival photographique de Pezenas<\/strong><\/em><\/p>\n\n\n\n<p><strong><em>En 2021, cela fait cinquante ans que je suis mari\u00e9<\/em>.<\/strong><\/p>\n\n\n\n<p><em><strong>En 2022, pour la dixi\u00e8me ann\u00e9e cons\u00e9cutive, mes photos n&rsquo;ont pas \u00e9t\u00e9 retenues par les Boutographies, j&rsquo;avais pr\u00e9sent\u00e9 <a rel=\"noreferrer noopener\" href=\"http:\/\/jacquesvilliere.fr\/index.php\/reminaissance\/\" target=\"_blank\">R\u00e9minaissance<\/a><\/strong><\/em><\/p>\n\n\n\n<p><em><strong>En 2022, j&rsquo;ai \u00e9t\u00e9 retenu pour participer au Festival <a rel=\"noreferrer noopener\" href=\"http:\/\/festivalprophotoamateur.fr\" target=\"_blank\">\u00ab\u00a0Henri, Chris, L\u00e9a et les autres\u00a0\u00bb<\/a> avec ma s\u00e9rie <a rel=\"noreferrer noopener\" href=\"http:\/\/jacquesvilliere.fr\/index.php\/reminaissance\/\" target=\"_blank\">R\u00e9minaissance <\/a>(tiens ce n&rsquo;est pas les joutes)<\/strong><\/em><\/p>\n\n\n\n<p><strong><em>En 2022, les 3 et 4 juin, j&rsquo;ai \u00e9t\u00e9 retenu pour exposer au festival de Besseges<\/em> <em>(encore  <em><a rel=\"noreferrer noopener\" href=\"http:\/\/jacquesvilliere.fr\/index.php\/reminaissance\/\" target=\"_blank\">R\u00e9minaissance <\/a><\/em>)<\/em><\/strong><\/p>\n\n\n\n<p><strong><em>En septembre 2022, j<\/em>&lsquo;<em>ai expos\u00e9 \u00e0 <a rel=\"noreferrer noopener\" href=\"https:\/\/www.photaubrac.com\" target=\"_blank\">Phot&rsquo;Aubrac<\/a> (tiens c&rsquo;est de nouveau les joutes)<\/em><\/strong><\/p>\n\n\n\n<p><strong><em>En octobre 2022, j&rsquo;ai expos\u00e9<\/em> <em><a rel=\"noreferrer noopener\" href=\"http:\/\/jacquesvilliere.fr\/index.php\/reminaissance\/\" target=\"_blank\">R\u00e9minaissance <\/a>\u00e0 <a rel=\"noreferrer noopener\" href=\"https:\/\/tempsdexpo.com\/\" target=\"_blank\">Temps d&rsquo;Expo<\/a>, festival photographique de Pezenas<\/em><\/strong><\/p>\n\n\n\n<p><strong><em>En novembre 2022, j&rsquo;ai expos\u00e9<\/em> <a rel=\"noreferrer noopener\" href=\"http:\/\/jacquesvilliere.fr\/index.php\/un-ocean-dans-une-goutte-2\/\" target=\"_blank\"><em>Un oc\u00e9an dans une goutte<\/em><\/a> <em>\u00e0 Juvignac.<\/em><\/strong><\/p>\n\n\n\n<p><em><strong>Le 4 mars 2023, j&rsquo;ai le plaisir de voir ma s\u00e9rie <a rel=\"noreferrer noopener\" href=\"http:\/\/jacquesvilliere.fr\/index.php\/reminaissance\/\" target=\"_blank\">\u00ab\u00a0Reminaissance\u00a0\u00bb<\/a> publi\u00e9e dans <a rel=\"noreferrer noopener\" href=\"https:\/\/loeildelaphotographie.com\/fr\/?utm_source=Liste%20ODLP%20nouvelle%20version&amp;utm_campaign=c4ff4904a6-Edition%20du%2027%20mai%202023&amp;utm_medium=email&amp;utm_term=0_-c4ff4904a6-[LIST_EMAIL_ID]&amp;ct=t(Newsletter%20FR%2005272023)&amp;fbclid=IwAR3vWJqwig_lgFozL4o4scyL2xrpEw8YRRhaEmM-sC3vU-Vn9Algn8YSD3U\" target=\"_blank\"><\/a><em><a rel=\"noreferrer noopener\" href=\"https:\/\/loeildelaphotographie.com\/fr\/?utm_source=Liste%20ODLP%20nouvelle%20version&amp;utm_campaign=c4ff4904a6-Edition%20du%2027%20mai%202023&amp;utm_medium=email&amp;utm_term=0_-c4ff4904a6-[LIST_EMAIL_ID]&amp;ct=t(Newsletter%20FR%2005272023)&amp;fbclid=IwAR3vWJqwig_lgFozL4o4scyL2xrpEw8YRRhaEmM-sC3vU-Vn9Algn8YSD3U\" target=\"_blank\">L&rsquo;Oeil de la Photographie<\/a><\/em><\/strong><\/em><\/p>\n\n\n\n<p><strong><em>A partir de mai 2023, dans le cadre des<\/em> <a rel=\"noreferrer noopener\" href=\"https:\/\/www.cheminsdephotos.com\/\" target=\"_blank\"><em>Chemins de Photo<\/em><\/a> <em>\u00e0 Castelnaudary, j&rsquo;expose Les H\u00e9ros de la Tintaine<a rel=\"noreferrer noopener\" href=\"http:\/\/jacquesvilliere.fr\/index.php\/un-ocean-dans-une-goutte-2\/\" target=\"_blank\"><em>.<\/em><\/a><\/em><\/strong><\/p>\n\n\n\n<p><em><strong>Le 27 mai 2023, j&rsquo;ai le plaisir de voir ma s\u00e9rie <a rel=\"noreferrer noopener\" href=\"http:\/\/jacquesvilliere.fr\/index.php\/les-vagues-venaient-danser-sur-la-plage\/\" target=\"_blank\">\u00ab\u00a0Les vagues venaient danser sur la plage\u00a0\u00bb<\/a> publi\u00e9e dans <a rel=\"noreferrer noopener\" href=\"https:\/\/loeildelaphotographie.com\/fr\/?utm_source=Liste%20ODLP%20nouvelle%20version&amp;utm_campaign=c4ff4904a6-Edition%20du%2027%20mai%202023&amp;utm_medium=email&amp;utm_term=0_-c4ff4904a6-[LIST_EMAIL_ID]&amp;ct=t(Newsletter%20FR%2005272023)&amp;fbclid=IwAR3vWJqwig_lgFozL4o4scyL2xrpEw8YRRhaEmM-sC3vU-Vn9Algn8YSD3U\" target=\"_blank\">L&rsquo;Oeil de la Photographie<\/a><\/strong><\/em><\/p>\n\n\n\n<p><em><strong>En juin 2023, j&rsquo;ai une photo qui a gan\u00e9 le deuxi\u00e8me prix d&rsquo;un concours de Reponses Photo.<\/strong><\/em><\/p>\n\n\n\n<p><em><strong>Le 26 juin 2023, j&rsquo;ai brillamment (bof) pass\u00e9 les s\u00e9lections de Questions pou Champion. Peut-\u00eatre que je vais repasser \u00e0 la t\u00e9l\u00e9!<\/strong><\/em><\/p>\n\n\n\n<p><strong><em>Du 22 septembre au 6 novembre 2023<\/em><\/strong> <strong><em>des photos de joutes ont \u00e9t\u00e9 expos\u00e9es \u00e0 la Biennale de Daegu (Cor\u00e9e du Sud), c&rsquo;est <a rel=\"noreferrer noopener\" href=\"http:\/\/www.daeguphoto.com\/2023\/en\/content\/theme\/\" target=\"_blank\">ici<\/a><\/em><\/strong> <strong><em>, cest parait-il la plus grosse exposition photo du continent asiatique (un peu plus de 300.00 visiteurs). Un v\u00e9ritable conte de f\u00e9es.<\/em><\/strong><\/p>\n\n\n\n<p><strong><em>Fin octobre 2023, <\/em><\/strong><em><strong>j&rsquo;ai expos\u00e9 <\/strong><\/em><strong><em> \u00e0 <a rel=\"noreferrer noopener\" href=\"https:\/\/tempsdexpo.com\/\" target=\"_blank\">Temps d&rsquo;Expo<\/a>, festival photographique de Pezenas avec ma s\u00e9rie <a rel=\"noreferrer noopener\" href=\"http:\/\/jacquesvilliere.fr\/index.php\/les-vagues-venaient-danser-sur-la-plage\/\" target=\"_blank\">\u00ab\u00a0Les vagues venaient danser sur la plage\u00a0\u00bb<\/a>. Il parait qu&rsquo;au bout de trois fois, ils ne voudront plus de moi..<\/em>.<\/strong><\/p>\n\n\n\n<p><strong><em><strong><em>En septembre 2023,  j\u2019ai le grand plaisir de voir mes photos de joutes expos\u00e9es \u00e0<\/em><\/strong><\/em><\/strong><strong><em><strong><em> la <\/em><\/strong><\/em><\/strong><a href=\"http:\/\/www.daeguphoto.com\/2023\/en\/content\/introduce\/\" target=\"_blank\" rel=\"noreferrer noopener\"><em><strong>Biennale de Daegu<\/strong><\/em><\/a><strong><em><strong><em> en Cor\u00e9e du Sud, plus grande exposition photographique du continent asiatique<\/em><\/strong><\/em><\/strong><\/p>\n\n\n\n<p><em><strong>En septembre 2024, j\u2019ai expos\u00e9 ma s\u00e9rie <\/strong><\/em><a href=\"http:\/\/jacquesvilliere.fr\/index.php\/danse-et-violence-sur-les-parquets\/\" target=\"_blank\" rel=\"noreferrer noopener\"><strong><em>\u201cDanse et violence sur les parquets<\/em><\/strong>\u201c<\/a> <strong><em>\u00e0 Vendemian, dans le cadre du festival <a href=\"https:\/\/iso-photo.fr\/\" target=\"_blank\" rel=\"noreferrer noopener\">ISO Photo<\/a><\/em><\/strong><\/p>\n\n\n\n<p><em><strong>Mais le conte de f\u00e9es n&rsquo;est pas termin\u00e9, le plus beau est \u00e0 venir.<\/strong><\/em><\/p>\n\n\n\n<p><em><strong>L&rsquo;avenir appartient \u00e0 ceux qui&#8230;<\/strong><\/em><\/p>\n\n\n\n<p><\/p>\n\n\n\n<p><strong>PS. Si vous voulez me contacter, <a rel=\"noreferrer noopener\" href=\"mailto:contact@jacquesvilliere.fr\" target=\"_blank\">jacques@jacquesvilliere.fr<\/a><\/strong><\/p>\n","protected":false},"excerpt":{"rendered":"<p>\u00abIl \u00e9tait n\u00e9 chez sa grand-m\u00e8re parce que sa m\u00e8re avait du s&rsquo;absenter\u00bb. C&rsquo;est par ce genre de malentendu que j&rsquo;aurais aim\u00e9 commencer ma vie pour sortir imm\u00e9diatement de la grisaille de l&rsquo;anonymat. Rien de tout cela ne m&rsquo;est arriv\u00e9. On aurait pu me prendre pour l&rsquo;affiche du film \u00abLa vie est un long fleuve&hellip;<\/p>\n","protected":false},"author":1,"featured_media":0,"parent":0,"menu_order":14,"comment_status":"closed","ping_status":"closed","template":"","meta":{"_monsterinsights_skip_tracking":false,"_monsterinsights_sitenote_active":false,"_monsterinsights_sitenote_note":"","_monsterinsights_sitenote_category":0,"footnotes":""},"class_list":["post-38","page","type-page","status-publish","hentry"],"_links":{"self":[{"href":"https:\/\/jacquesvilliere.fr\/index.php\/wp-json\/wp\/v2\/pages\/38","targetHints":{"allow":["GET"]}}],"collection":[{"href":"https:\/\/jacquesvilliere.fr\/index.php\/wp-json\/wp\/v2\/pages"}],"about":[{"href":"https:\/\/jacquesvilliere.fr\/index.php\/wp-json\/wp\/v2\/types\/page"}],"author":[{"embeddable":true,"href":"https:\/\/jacquesvilliere.fr\/index.php\/wp-json\/wp\/v2\/users\/1"}],"replies":[{"embeddable":true,"href":"https:\/\/jacquesvilliere.fr\/index.php\/wp-json\/wp\/v2\/comments?post=38"}],"version-history":[{"count":29,"href":"https:\/\/jacquesvilliere.fr\/index.php\/wp-json\/wp\/v2\/pages\/38\/revisions"}],"predecessor-version":[{"id":5353,"href":"https:\/\/jacquesvilliere.fr\/index.php\/wp-json\/wp\/v2\/pages\/38\/revisions\/5353"}],"wp:attachment":[{"href":"https:\/\/jacquesvilliere.fr\/index.php\/wp-json\/wp\/v2\/media?parent=38"}],"curies":[{"name":"wp","href":"https:\/\/api.w.org\/{rel}","templated":true}]}}