{"id":5341,"date":"2024-10-17T09:56:56","date_gmt":"2024-10-17T07:56:56","guid":{"rendered":"http:\/\/jacquesvilliere.fr\/?page_id=5341"},"modified":"2026-03-19T12:17:38","modified_gmt":"2026-03-19T11:17:38","slug":"mon-cv-photo","status":"publish","type":"page","link":"https:\/\/jacquesvilliere.fr\/index.php\/mon-cv-photo\/","title":{"rendered":"MON CV PHOTO"},"content":{"rendered":"\n<p><\/p>\n\n\n\n<p><\/p>\n\n\n\n<p><strong>Les principales \u00e9tapes de mon parcours photographique<\/strong><\/p>\n\n\n\n<p><\/p>\n\n\n\n<p>. <strong>1971:<\/strong> premi\u00e8re photo prim\u00e9e dans un salon<\/p>\n\n\n\n<p><strong>. 2008:<\/strong> Coupe de France \u00ab\u00a0Images projet\u00e9es\u00a0\u00bb (FPF) avec le club de Lattes Photo 34<\/p>\n\n\n\n<p>. <strong>2009<\/strong>: cinqui\u00e8me place avec la s\u00e9lection fran\u00e7aise \u00e0 la 25\u00e8me Biennale de photos projet\u00e9es (FIAP)<\/p>\n\n\n\n<p>. <strong>2011<\/strong>: Festival OFF SETE (S\u00e8te)<\/p>\n\n\n\n<p>. <strong>2012<\/strong>: Prim\u00e9 aux <a href=\"https:\/\/www.boutographies.com\/\" target=\"_blank\" rel=\"noreferrer noopener\">Boutographies<\/a> (Montpellier) et exposition \u00e0 <a href=\"https:\/\/www.festival-manifesto.org\/fr\/\" target=\"_blank\" rel=\"noreferrer noopener\">ManifestO<\/a> (Toulouse)<\/p>\n\n\n\n<p>. <strong>2013<\/strong>: Participation aux <a href=\"https:\/\/pierrevertnuitsphotographiques.com\/\" target=\"_blank\" rel=\"noreferrer noopener\">\u00ab\u00a0Nuits de Pierrevert\u00a0\u00bb<\/a><\/p>\n\n\n\n<p>. <strong>2013<\/strong>: M\u00e9daille d&rsquo;Argent individuelle lors de la Coupe du Mondes des clubs (FIAP)<\/p>\n\n\n\n<p>. <strong>2014<\/strong>: exposition dans le cadre des \u00ab\u00a0Ballades Photographiques\u00a0\u00bb (H\u00e9rault)<\/p>\n\n\n\n<p>. <strong>2015<\/strong>: Prix Betoux<\/p>\n\n\n\n<p>. <strong>2016<\/strong>: Parution de mon livre \u00ab\u00a0Les H\u00e9ros de la Tintaine\u00a0\u00bb<\/p>\n\n\n\n<p>. <strong>2017<\/strong>: Participation au festival \u00ab\u00a0Visa Off\u00a0\u00bb de Perpignan<\/p>\n\n\n\n<p>. <strong>2017 et 2018<\/strong>: expositions personnelles \u00e0 Montpellier, Frontignan et S\u00e8te.<\/p>\n\n\n\n<p>. <strong>2020<\/strong>: Deuxi\u00e8me \u00e0 la Coupe de France \u00ab\u00a0Auteurs\u00a0\u00bb (FPF)<\/p>\n\n\n\n<p>. <strong>2021<\/strong>: Participation au festival <a href=\"https:\/\/tempsdexpo.com\/\" target=\"_blank\" rel=\"noreferrer noopener\">\u00ab\u00a0Temps d&rsquo;Expo\u00a0\u00bb <\/a>(Pezenas)<\/p>\n\n\n\n<p>. <strong>2022<\/strong>: Participation au festival \u00ab\u00a0Henri, Chris, Lea et les autres\u00a0\u00bb (Arles), Festival de Bess\u00e8ges, <a href=\"https:\/\/www.photaubrac.com\/\" target=\"_blank\" rel=\"noreferrer noopener\">\u00ab\u00a0Phot&rsquo;Aubrac\u00a0\u00bb<\/a> et <a href=\"https:\/\/tempsdexpo.com\/\" target=\"_blank\" rel=\"noreferrer noopener\">\u00ab\u00a0Temps d&rsquo;Expo\u00a0\u00bb<\/a> (Pezenas) et exposition \u00e0 Juvignac.<\/p>\n\n\n\n<p>. <strong>2023<\/strong>; Participation au festival \u00ab\u00a0Chemins de Photographies\u00a0\u00bb (Aude) et \u00e0 <a href=\"https:\/\/tempsdexpo.com\/\" target=\"_blank\" rel=\"noreferrer noopener\">\u00ab\u00a0Temps d&rsquo;Expo\u00a0\u00bb<\/a> (Pezenas)<\/p>\n\n\n\n<p>. <strong>2023<\/strong>: Participation \u00e0 la <a href=\"https:\/\/www.daeguphoto.com\/2023\/en\/content\/theme\/\" target=\"_blank\" rel=\"noreferrer noopener\">Biennale Photographique de Daegu<\/a> (Cor\u00e9e du Sud), plus grande manifestation photo du continent asiatique.<\/p>\n\n\n\n<p>. <strong>2024<\/strong>: Participation au festival \u00ab\u00a0Chemins de Photographie\u00a0\u00bb (Aude) et au festival <a href=\"https:\/\/iso-photo.fr\/\" target=\"_blank\" rel=\"noreferrer noopener\">\u00ab\u00a0Iso Photo\u00a0\u00bb<\/a> (Vendemian)<\/p>\n\n\n\n<p><\/p>\n\n\n\n<p><\/p>\n","protected":false},"excerpt":{"rendered":"<p>Les principales \u00e9tapes de mon parcours photographique . 1971: premi\u00e8re photo prim\u00e9e dans un salon . 2008: Coupe de France \u00ab\u00a0Images projet\u00e9es\u00a0\u00bb (FPF) avec le club de Lattes Photo 34 . 2009: cinqui\u00e8me place avec la s\u00e9lection fran\u00e7aise \u00e0 la 25\u00e8me Biennale de photos projet\u00e9es (FIAP) . 2011: Festival OFF SETE (S\u00e8te) . 2012: Prim\u00e9&hellip;<\/p>\n","protected":false},"author":1,"featured_media":0,"parent":0,"menu_order":15,"comment_status":"closed","ping_status":"closed","template":"","meta":{"_monsterinsights_skip_tracking":false,"_monsterinsights_sitenote_active":false,"_monsterinsights_sitenote_note":"","_monsterinsights_sitenote_category":0,"footnotes":""},"class_list":["post-5341","page","type-page","status-publish","hentry"],"_links":{"self":[{"href":"https:\/\/jacquesvilliere.fr\/index.php\/wp-json\/wp\/v2\/pages\/5341","targetHints":{"allow":["GET"]}}],"collection":[{"href":"https:\/\/jacquesvilliere.fr\/index.php\/wp-json\/wp\/v2\/pages"}],"about":[{"href":"https:\/\/jacquesvilliere.fr\/index.php\/wp-json\/wp\/v2\/types\/page"}],"author":[{"embeddable":true,"href":"https:\/\/jacquesvilliere.fr\/index.php\/wp-json\/wp\/v2\/users\/1"}],"replies":[{"embeddable":true,"href":"https:\/\/jacquesvilliere.fr\/index.php\/wp-json\/wp\/v2\/comments?post=5341"}],"version-history":[{"count":5,"href":"https:\/\/jacquesvilliere.fr\/index.php\/wp-json\/wp\/v2\/pages\/5341\/revisions"}],"predecessor-version":[{"id":5355,"href":"https:\/\/jacquesvilliere.fr\/index.php\/wp-json\/wp\/v2\/pages\/5341\/revisions\/5355"}],"wp:attachment":[{"href":"https:\/\/jacquesvilliere.fr\/index.php\/wp-json\/wp\/v2\/media?parent=5341"}],"curies":[{"name":"wp","href":"https:\/\/api.w.org\/{rel}","templated":true}]}}